{"id":1099,"date":"2025-10-22T15:19:19","date_gmt":"2025-10-22T15:19:19","guid":{"rendered":"https:\/\/unaeducacionconsciente.org\/?page_id=1099"},"modified":"2025-10-23T15:23:00","modified_gmt":"2025-10-23T15:23:00","slug":"gracias-mvc","status":"publish","type":"page","link":"https:\/\/unaeducacionconsciente.org\/en\/gracias-mvc\/","title":{"rendered":"Gracias por tu compra"},"content":{"rendered":"<div data-elementor-type=\"wp-page\" data-elementor-id=\"1099\" class=\"elementor elementor-1099\">\n\t\t\t\t<div class=\"elementor-element elementor-element-f87ae41 e-flex e-con-boxed e-con e-parent\" data-id=\"f87ae41\" data-element_type=\"container\">\n\t\t\t\t\t<div class=\"e-con-inner\">\n\t\t\t\t<div class=\"elementor-element elementor-element-b195c25 elementor-widget elementor-widget-heading\" data-id=\"b195c25\" data-element_type=\"widget\" data-widget_type=\"heading.default\">\n\t\t\t\t<div class=\"elementor-widget-container\">\n\t\t\t\t\t<h2 class=\"elementor-heading-title elementor-size-default\">Gracias por tu compra<\/h2>\t\t\t\t<\/div>\n\t\t\t\t<\/div>\n\t\t\t\t<div class=\"elementor-element elementor-element-86b242f elementor-widget elementor-widget-text-editor\" data-id=\"86b242f\" data-element_type=\"widget\" data-widget_type=\"text-editor.default\">\n\t\t\t\t<div class=\"elementor-widget-container\">\n\t\t\t\t\t\t\t\t\t<h2><u>Si ya est\u00e1s en la p\u00e1gina de Checkout:\u00a0<\/u><\/h2>\n<h3 class=\"wp-block-heading\"><strong>1.<\/strong> Utiliza el siguiente <strong>&#8216;C\u00f3digo de Acceso&#8217;<\/strong>:<\/h3>\n<h2><strong>MVC-MP-101<\/strong><\/h2>\n<p class=\"wp-block-heading\">Luego completa los datos de facturaci\u00f3n.<\/p>\n<p><!-- \/wp:separator --><!-- wp:heading {\"level\":3} --><\/p>\n<h3 class=\"wp-block-heading\"><strong>2.<\/strong> Ingresa con el bot\u00f3n <strong>&#8216;Inscribirse ahora&#8217;.<\/strong><\/h3>\n<p><!-- \/wp:heading --><!-- wp:list --><\/p>\n<p><!-- \/wp:list-item --><\/p>\n<p><!-- \/wp:list --><!-- wp:separator --><\/p>\n<p><!-- \/wp:separator --><!-- wp:heading {\"level\":3} --><\/p>\n<p><!-- \/wp:heading --><!-- wp:list --><\/p>\n<p><!-- \/wp:list-item --><!-- wp:list-item --><\/p>\n<p><!-- \/wp:heading --><!-- wp:paragraph --><\/p>\n<p><!-- \/wp:paragraph --><!-- wp:separator --><\/p>\n<h3 class=\"wp-block-heading\"><strong>3.<\/strong> Env\u00eda un mail a <strong>programauec@gmail.com<\/strong> ante cualquier duda.<\/h3>\n<h3 class=\"wp-block-heading\"><strong>4.<\/strong> Para acceder a la gu\u00eda en cualquier momento ingresa a <strong>&#8216;Mi Cuenta&#8217;<\/strong> en el men\u00fa principal con tu correo electr\u00f3nico y la contrase\u00f1a que generaste.<\/h3>\n<p>\u00a0<\/p>\n<h2><u>Si a\u00fan no te registraste:\u00a0<\/u><\/h2>\n<h3 class=\"wp-block-heading\"><strong>1.<\/strong> Ingresa a este link y pulsa el bot\u00f3n\u00a0<strong>&#8216;Registrarse&#8217;<\/strong> que aparece abajo de todo:<\/h3>\n<p><!-- \/wp:heading --><!-- wp:paragraph --><\/p>\n<p><a href=\"https:\/\/unaeducacionconsciente.org\/en\/curso\/montessori-en-la-vida-cotidiana\/\" target=\"_blank\" rel=\"noopener\">https:\/\/www.unaeducacionconsciente.org\/curso\/montessori-en-la-vida-cotidiana<\/a><\/p>\n<p><!-- \/wp:paragraph --><!-- wp:separator --><\/p>\n<h3 class=\"wp-block-heading\"><strong>2.<\/strong> Haz clic en el bot\u00f3n\u00a0<strong>&#8216;Reg\u00edstrate ahora&#8217;<\/strong> para crear una cuenta.<\/h3>\n<p><!-- \/wp:separator --><!-- wp:heading {\"level\":3} --><\/p>\n<h3 class=\"wp-block-heading\"><strong>3.<\/strong> \u00a1Ya te registraste! Pulsa nuevamente el bot\u00f3n <strong>&#8216;Registrarse&#8217;<\/strong><\/h3>\n<h3 class=\"wp-block-heading\">Para acceder a la gu\u00eda, utiliza el siguiente\u00a0<strong>&#8216;C\u00f3digo de Acceso&#8217;<\/strong>:<\/h3>\n<h2><strong>MVC-MP-101<\/strong><\/h2>\n<p class=\"wp-block-heading\">Luego completa los datos de facturaci\u00f3n.<\/p>\n<p><!-- \/wp:heading --><!-- wp:paragraph --><\/p>\n<p><!-- \/wp:paragraph --><!-- wp:separator --><\/p>\n<h3 class=\"wp-block-heading\"><strong>4.<\/strong> Ingresa con el bot\u00f3n <strong>&#8216;Inscribirse ahora&#8217;.<\/strong><\/h3>\n<p><!-- \/wp:heading --><!-- wp:list --><\/p>\n<p><!-- \/wp:list-item --><\/p>\n<p><!-- \/wp:list --><!-- wp:separator --><\/p>\n<p><!-- \/wp:separator --><!-- wp:heading {\"level\":3} --><\/p>\n<p><!-- \/wp:heading --><!-- wp:list --><\/p>\n<p><!-- \/wp:list-item --><!-- wp:list-item --><\/p>\n<p><!-- \/wp:heading --><!-- wp:paragraph --><\/p>\n<p><!-- \/wp:paragraph --><!-- wp:separator --><\/p>\n<h3 class=\"wp-block-heading\"><strong>5.<\/strong> Env\u00eda un mail a <strong>programauec@gmail.com<\/strong> ante cualquier duda.<\/h3>\n<h3 class=\"wp-block-heading\"><strong>6.<\/strong> Para acceder a la gu\u00eda en cualquier momento ingresa a\u00a0<strong>&#8216;Mi Cuenta&#8217;<\/strong> en el men\u00fa principal con tu correo electr\u00f3nico y la contrase\u00f1a que generaste.<\/h3>\n<p><!-- \/wp:list-item --><\/p>\n<p><!-- \/wp:list --><!-- wp:separator --><\/p>\n<p><!-- \/wp:separator --><!-- wp:heading {\"level\":3} --><\/p>\n<p><!-- \/wp:separator --><!-- wp:paragraph --><\/p>\n<p><!-- \/wp:paragraph --><\/p>\t\t\t\t\t\t\t\t<\/div>\n\t\t\t\t<\/div>\n\t\t\t\t\t<\/div>\n\t\t\t\t<\/div>\n\t\t\t\t<\/div>","protected":false},"excerpt":{"rendered":"<p>Gracias por tu compra Si ya est\u00e1s en la p\u00e1gina de Checkout:\u00a0 1. Utiliza el siguiente &#8216;C\u00f3digo de Acceso&#8217;: MVC-MP-101 [&hellip;]<\/p>","protected":false},"author":1,"featured_media":0,"parent":0,"menu_order":0,"comment_status":"closed","ping_status":"closed","template":"","meta":{"site-sidebar-layout":"no-sidebar","site-content-layout":"","ast-site-content-layout":"full-width-container","site-content-style":"default","site-sidebar-style":"default","ast-global-header-display":"","ast-banner-title-visibility":"","ast-main-header-display":"","ast-hfb-above-header-display":"","ast-hfb-below-header-display":"","ast-hfb-mobile-header-display":"","site-post-title":"disabled","ast-breadcrumbs-content":"","ast-featured-img":"disabled","footer-sml-layout":"","theme-transparent-header-meta":"","adv-header-id-meta":"","stick-header-meta":"","header-above-stick-meta":"","header-main-stick-meta":"","header-below-stick-meta":"","astra-migrate-meta-layouts":"default","ast-page-background-enabled":"default","ast-page-background-meta":{"desktop":{"background-color":"var(--ast-global-color-5)","background-image":"","background-repeat":"repeat","background-position":"center center","background-size":"auto","background-attachment":"scroll","background-type":"","background-media":"","overlay-type":"","overlay-color":"","overlay-opacity":"","overlay-gradient":""},"tablet":{"background-color":"","background-image":"","background-repeat":"repeat","background-position":"center center","background-size":"auto","background-attachment":"scroll","background-type":"","background-media":"","overlay-type":"","overlay-color":"","overlay-opacity":"","overlay-gradient":""},"mobile":{"background-color":"","background-image":"","background-repeat":"repeat","background-position":"center center","background-size":"auto","background-attachment":"scroll","background-type":"","background-media":"","overlay-type":"","overlay-color":"","overlay-opacity":"","overlay-gradient":""}},"ast-content-background-meta":{"desktop":{"background-color":"var(--ast-global-color-4)","background-image":"","background-repeat":"repeat","background-position":"center center","background-size":"auto","background-attachment":"scroll","background-type":"","background-media":"","overlay-type":"","overlay-color":"","overlay-opacity":"","overlay-gradient":""},"tablet":{"background-color":"var(--ast-global-color-4)","background-image":"","background-repeat":"repeat","background-position":"center center","background-size":"auto","background-attachment":"scroll","background-type":"","background-media":"","overlay-type":"","overlay-color":"","overlay-opacity":"","overlay-gradient":""},"mobile":{"background-color":"var(--ast-global-color-4)","background-image":"","background-repeat":"repeat","background-position":"center center","background-size":"auto","background-attachment":"scroll","background-type":"","background-media":"","overlay-type":"","overlay-color":"","overlay-opacity":"","overlay-gradient":""}},"footnotes":""},"class_list":["post-1099","page","type-page","status-publish","hentry"],"yoast_head":"<!-- This site is optimized with the Yoast SEO plugin v26.2 - https:\/\/yoast.com\/wordpress\/plugins\/seo\/ -->\n<title>Gracias por tu compra - Una Educaci\u00f3n Consciente<\/title>\n<meta name=\"robots\" content=\"index, follow, max-snippet:-1, max-image-preview:large, max-video-preview:-1\" \/>\n<link rel=\"canonical\" href=\"https:\/\/unaeducacionconsciente.org\/en\/gracias-mvc\/\" \/>\n<meta property=\"og:locale\" content=\"en_GB\" \/>\n<meta property=\"og:type\" content=\"article\" \/>\n<meta property=\"og:title\" content=\"Gracias por tu compra - Una Educaci\u00f3n Consciente\" \/>\n<meta property=\"og:description\" content=\"Gracias por tu compra Si ya est\u00e1s en la p\u00e1gina de Checkout:\u00a0 1. Utiliza el siguiente &#8216;C\u00f3digo de Acceso&#8217;: MVC-MP-101 [&hellip;]\" \/>\n<meta property=\"og:url\" content=\"https:\/\/unaeducacionconsciente.org\/en\/gracias-mvc\/\" \/>\n<meta property=\"og:site_name\" content=\"Una Educaci\u00f3n Consciente\" \/>\n<meta property=\"article:modified_time\" content=\"2025-10-23T15:23:00+00:00\" \/>\n<meta name=\"twitter:card\" content=\"summary_large_image\" \/>\n<meta name=\"twitter:label1\" content=\"Estimated reading time\" \/>\n\t<meta name=\"twitter:data1\" content=\"1 minute\" \/>\n<script type=\"application\/ld+json\" class=\"yoast-schema-graph\">{\"@context\":\"https:\/\/schema.org\",\"@graph\":[{\"@type\":\"WebPage\",\"@id\":\"https:\/\/unaeducacionconsciente.org\/gracias-mvc\/\",\"url\":\"https:\/\/unaeducacionconsciente.org\/gracias-mvc\/\",\"name\":\"Gracias por tu compra - Una Educaci\u00f3n Consciente\",\"isPartOf\":{\"@id\":\"https:\/\/unaeducacionconsciente.org\/#website\"},\"datePublished\":\"2025-10-22T15:19:19+00:00\",\"dateModified\":\"2025-10-23T15:23:00+00:00\",\"breadcrumb\":{\"@id\":\"https:\/\/unaeducacionconsciente.org\/gracias-mvc\/#breadcrumb\"},\"inLanguage\":\"en-GB\",\"potentialAction\":[{\"@type\":\"ReadAction\",\"target\":[\"https:\/\/unaeducacionconsciente.org\/gracias-mvc\/\"]}]},{\"@type\":\"BreadcrumbList\",\"@id\":\"https:\/\/unaeducacionconsciente.org\/gracias-mvc\/#breadcrumb\",\"itemListElement\":[{\"@type\":\"ListItem\",\"position\":1,\"name\":\"Home\",\"item\":\"https:\/\/unaeducacionconsciente.org\/\"},{\"@type\":\"ListItem\",\"position\":2,\"name\":\"Gracias por tu compra\"}]},{\"@type\":\"WebSite\",\"@id\":\"https:\/\/unaeducacionconsciente.org\/#website\",\"url\":\"https:\/\/unaeducacionconsciente.org\/\",\"name\":\"Una Educaci\u00f3n Consciente\",\"description\":\"Una Educaci\u00f3n Consciente\",\"potentialAction\":[{\"@type\":\"SearchAction\",\"target\":{\"@type\":\"EntryPoint\",\"urlTemplate\":\"https:\/\/unaeducacionconsciente.org\/?s={search_term_string}\"},\"query-input\":{\"@type\":\"PropertyValueSpecification\",\"valueRequired\":true,\"valueName\":\"search_term_string\"}}],\"inLanguage\":\"en-GB\"}]}<\/script>\n<!-- \/ Yoast SEO plugin. -->","yoast_head_json":{"title":"Gracias por tu compra - Una Educaci\u00f3n Consciente","robots":{"index":"index","follow":"follow","max-snippet":"max-snippet:-1","max-image-preview":"max-image-preview:large","max-video-preview":"max-video-preview:-1"},"canonical":"https:\/\/unaeducacionconsciente.org\/en\/gracias-mvc\/","og_locale":"en_GB","og_type":"article","og_title":"Gracias por tu compra - Una Educaci\u00f3n Consciente","og_description":"Gracias por tu compra Si ya est\u00e1s en la p\u00e1gina de Checkout:\u00a0 1. Utiliza el siguiente &#8216;C\u00f3digo de Acceso&#8217;: MVC-MP-101 [&hellip;]","og_url":"https:\/\/unaeducacionconsciente.org\/en\/gracias-mvc\/","og_site_name":"Una Educaci\u00f3n Consciente","article_modified_time":"2025-10-23T15:23:00+00:00","twitter_card":"summary_large_image","twitter_misc":{"Estimated reading time":"1 minute"},"schema":{"@context":"https:\/\/schema.org","@graph":[{"@type":"WebPage","@id":"https:\/\/unaeducacionconsciente.org\/gracias-mvc\/","url":"https:\/\/unaeducacionconsciente.org\/gracias-mvc\/","name":"Gracias por tu compra - Una Educaci\u00f3n Consciente","isPartOf":{"@id":"https:\/\/unaeducacionconsciente.org\/#website"},"datePublished":"2025-10-22T15:19:19+00:00","dateModified":"2025-10-23T15:23:00+00:00","breadcrumb":{"@id":"https:\/\/unaeducacionconsciente.org\/gracias-mvc\/#breadcrumb"},"inLanguage":"en-GB","potentialAction":[{"@type":"ReadAction","target":["https:\/\/unaeducacionconsciente.org\/gracias-mvc\/"]}]},{"@type":"BreadcrumbList","@id":"https:\/\/unaeducacionconsciente.org\/gracias-mvc\/#breadcrumb","itemListElement":[{"@type":"ListItem","position":1,"name":"Home","item":"https:\/\/unaeducacionconsciente.org\/"},{"@type":"ListItem","position":2,"name":"Gracias por tu compra"}]},{"@type":"WebSite","@id":"https:\/\/unaeducacionconsciente.org\/#website","url":"https:\/\/unaeducacionconsciente.org\/","name":"Una Educaci\u00f3n Consciente","description":"Una Educaci\u00f3n Consciente","potentialAction":[{"@type":"SearchAction","target":{"@type":"EntryPoint","urlTemplate":"https:\/\/unaeducacionconsciente.org\/?s={search_term_string}"},"query-input":{"@type":"PropertyValueSpecification","valueRequired":true,"valueName":"search_term_string"}}],"inLanguage":"en-GB"}]}},"rttpg_featured_image_url":null,"rttpg_author":{"display_name":"gberardone","author_link":"https:\/\/unaeducacionconsciente.org\/en\/author\/gberardone\/"},"rttpg_comment":0,"rttpg_category":null,"rttpg_excerpt":"Gracias por tu compra Si ya est\u00e1s en la p\u00e1gina de Checkout:\u00a0 1. Utiliza el siguiente &#8216;C\u00f3digo de Acceso&#8217;: MVC-MP-101 [&hellip;]","_links":{"self":[{"href":"https:\/\/unaeducacionconsciente.org\/en\/wp-json\/wp\/v2\/pages\/1099","targetHints":{"allow":["GET"]}}],"collection":[{"href":"https:\/\/unaeducacionconsciente.org\/en\/wp-json\/wp\/v2\/pages"}],"about":[{"href":"https:\/\/unaeducacionconsciente.org\/en\/wp-json\/wp\/v2\/types\/page"}],"author":[{"embeddable":true,"href":"https:\/\/unaeducacionconsciente.org\/en\/wp-json\/wp\/v2\/users\/1"}],"replies":[{"embeddable":true,"href":"https:\/\/unaeducacionconsciente.org\/en\/wp-json\/wp\/v2\/comments?post=1099"}],"version-history":[{"count":39,"href":"https:\/\/unaeducacionconsciente.org\/en\/wp-json\/wp\/v2\/pages\/1099\/revisions"}],"predecessor-version":[{"id":1145,"href":"https:\/\/unaeducacionconsciente.org\/en\/wp-json\/wp\/v2\/pages\/1099\/revisions\/1145"}],"wp:attachment":[{"href":"https:\/\/unaeducacionconsciente.org\/en\/wp-json\/wp\/v2\/media?parent=1099"}],"curies":[{"name":"wp","href":"https:\/\/api.w.org\/{rel}","templated":true}]}}