{"id":1501,"date":"2025-11-15T22:21:16","date_gmt":"2025-11-15T22:21:16","guid":{"rendered":"https:\/\/unaeducacionconsciente.org\/?page_id=1501"},"modified":"2025-11-16T00:59:48","modified_gmt":"2025-11-16T00:59:48","slug":"checko","status":"publish","type":"page","link":"https:\/\/unaeducacionconsciente.org\/en\/checko\/","title":{"rendered":"Checko"},"content":{"rendered":"<div data-elementor-type=\"wp-page\" data-elementor-id=\"1501\" class=\"elementor elementor-1501\">\n\t\t\t\t<div class=\"elementor-element elementor-element-3b22ef1 e-con-full e-flex e-con e-parent\" data-id=\"3b22ef1\" data-element_type=\"container\" data-settings=\"{&quot;background_background&quot;:&quot;classic&quot;}\">\n\t\t\t\t<div class=\"elementor-element elementor-element-97d71a8 elementor-widget elementor-widget-heading\" data-id=\"97d71a8\" data-element_type=\"widget\" data-widget_type=\"heading.default\">\n\t\t\t\t<div class=\"elementor-widget-container\">\n\t\t\t\t\t<h2 class=\"elementor-heading-title elementor-size-default\">\u00a1Gracias por registrarte!<\/h2>\t\t\t\t<\/div>\n\t\t\t\t<\/div>\n\t\t\t\t<\/div>\n\t\t<div class=\"elementor-element elementor-element-92021ed e-con-full e-flex e-con e-child\" data-id=\"92021ed\" data-element_type=\"container\">\n\t\t\t\t<div class=\"elementor-element elementor-element-399bccd elementor-widget elementor-widget-heading\" data-id=\"399bccd\" data-element_type=\"widget\" data-widget_type=\"heading.default\">\n\t\t\t\t<div class=\"elementor-widget-container\">\n\t\t\t\t\t<h2 class=\"elementor-heading-title elementor-size-default\">Ahora por favor busca tu correo electr\u00f3nico.<\/h2>\t\t\t\t<\/div>\n\t\t\t\t<\/div>\n\t\t\t\t<div class=\"elementor-element elementor-element-5ed095a elementor-widget elementor-widget-text-editor\" data-id=\"5ed095a\" data-element_type=\"widget\" data-widget_type=\"text-editor.default\">\n\t\t\t\t<div class=\"elementor-widget-container\">\n\t\t\t\t\t\t\t\t\t<p>Te hemos enviado un e-mail con un link para generar tu contrase\u00f1a y continuar con la inscripci\u00f3n a la Gu\u00eda.<\/p>\t\t\t\t\t\t\t\t<\/div>\n\t\t\t\t<\/div>\n\t\t\t\t<\/div>\n\t\t\t\t<\/div>","protected":false},"excerpt":{"rendered":"<p>\u00a1Gracias por registrarte! Ahora por favor busca tu correo electr\u00f3nico. Te hemos enviado un e-mail con un link para generar [&hellip;]<\/p>","protected":false},"author":1,"featured_media":0,"parent":0,"menu_order":0,"comment_status":"closed","ping_status":"closed","template":"","meta":{"site-sidebar-layout":"no-sidebar","site-content-layout":"","ast-site-content-layout":"full-width-container","site-content-style":"default","site-sidebar-style":"default","ast-global-header-display":"","ast-banner-title-visibility":"","ast-main-header-display":"","ast-hfb-above-header-display":"","ast-hfb-below-header-display":"","ast-hfb-mobile-header-display":"","site-post-title":"disabled","ast-breadcrumbs-content":"","ast-featured-img":"disabled","footer-sml-layout":"","theme-transparent-header-meta":"","adv-header-id-meta":"","stick-header-meta":"","header-above-stick-meta":"","header-main-stick-meta":"","header-below-stick-meta":"","astra-migrate-meta-layouts":"default","ast-page-background-enabled":"default","ast-page-background-meta":{"desktop":{"background-color":"var(--ast-global-color-5)","background-image":"","background-repeat":"repeat","background-position":"center center","background-size":"auto","background-attachment":"scroll","background-type":"","background-media":"","overlay-type":"","overlay-color":"","overlay-opacity":"","overlay-gradient":""},"tablet":{"background-color":"","background-image":"","background-repeat":"repeat","background-position":"center center","background-size":"auto","background-attachment":"scroll","background-type":"","background-media":"","overlay-type":"","overlay-color":"","overlay-opacity":"","overlay-gradient":""},"mobile":{"background-color":"","background-image":"","background-repeat":"repeat","background-position":"center center","background-size":"auto","background-attachment":"scroll","background-type":"","background-media":"","overlay-type":"","overlay-color":"","overlay-opacity":"","overlay-gradient":""}},"ast-content-background-meta":{"desktop":{"background-color":"var(--ast-global-color-4)","background-image":"","background-repeat":"repeat","background-position":"center center","background-size":"auto","background-attachment":"scroll","background-type":"","background-media":"","overlay-type":"","overlay-color":"","overlay-opacity":"","overlay-gradient":""},"tablet":{"background-color":"var(--ast-global-color-4)","background-image":"","background-repeat":"repeat","background-position":"center center","background-size":"auto","background-attachment":"scroll","background-type":"","background-media":"","overlay-type":"","overlay-color":"","overlay-opacity":"","overlay-gradient":""},"mobile":{"background-color":"var(--ast-global-color-4)","background-image":"","background-repeat":"repeat","background-position":"center center","background-size":"auto","background-attachment":"scroll","background-type":"","background-media":"","overlay-type":"","overlay-color":"","overlay-opacity":"","overlay-gradient":""}},"footnotes":""},"class_list":["post-1501","page","type-page","status-publish","hentry"],"yoast_head":"<!-- This site is optimized with the Yoast SEO plugin v26.2 - https:\/\/yoast.com\/wordpress\/plugins\/seo\/ -->\n<title>Checko - Una Educaci\u00f3n Consciente<\/title>\n<meta name=\"robots\" content=\"index, follow, max-snippet:-1, max-image-preview:large, max-video-preview:-1\" \/>\n<link rel=\"canonical\" href=\"https:\/\/unaeducacionconsciente.org\/en\/checko\/\" \/>\n<meta property=\"og:locale\" content=\"en_GB\" \/>\n<meta property=\"og:type\" content=\"article\" \/>\n<meta property=\"og:title\" content=\"Checko - Una Educaci\u00f3n Consciente\" \/>\n<meta property=\"og:description\" content=\"\u00a1Gracias por registrarte! Ahora por favor busca tu correo electr\u00f3nico. Te hemos enviado un e-mail con un link para generar [&hellip;]\" \/>\n<meta property=\"og:url\" content=\"https:\/\/unaeducacionconsciente.org\/en\/checko\/\" \/>\n<meta property=\"og:site_name\" content=\"Una Educaci\u00f3n Consciente\" \/>\n<meta property=\"article:modified_time\" content=\"2025-11-16T00:59:48+00:00\" \/>\n<meta name=\"twitter:card\" content=\"summary_large_image\" \/>\n<meta name=\"twitter:label1\" content=\"Estimated reading time\" \/>\n\t<meta name=\"twitter:data1\" content=\"1 minute\" \/>\n<script type=\"application\/ld+json\" class=\"yoast-schema-graph\">{\"@context\":\"https:\/\/schema.org\",\"@graph\":[{\"@type\":\"WebPage\",\"@id\":\"https:\/\/unaeducacionconsciente.org\/checko\/\",\"url\":\"https:\/\/unaeducacionconsciente.org\/checko\/\",\"name\":\"Checko - Una Educaci\u00f3n Consciente\",\"isPartOf\":{\"@id\":\"https:\/\/unaeducacionconsciente.org\/#website\"},\"datePublished\":\"2025-11-15T22:21:16+00:00\",\"dateModified\":\"2025-11-16T00:59:48+00:00\",\"breadcrumb\":{\"@id\":\"https:\/\/unaeducacionconsciente.org\/checko\/#breadcrumb\"},\"inLanguage\":\"en-GB\",\"potentialAction\":[{\"@type\":\"ReadAction\",\"target\":[\"https:\/\/unaeducacionconsciente.org\/checko\/\"]}]},{\"@type\":\"BreadcrumbList\",\"@id\":\"https:\/\/unaeducacionconsciente.org\/checko\/#breadcrumb\",\"itemListElement\":[{\"@type\":\"ListItem\",\"position\":1,\"name\":\"Home\",\"item\":\"https:\/\/unaeducacionconsciente.org\/\"},{\"@type\":\"ListItem\",\"position\":2,\"name\":\"Checko\"}]},{\"@type\":\"WebSite\",\"@id\":\"https:\/\/unaeducacionconsciente.org\/#website\",\"url\":\"https:\/\/unaeducacionconsciente.org\/\",\"name\":\"Una Educaci\u00f3n Consciente\",\"description\":\"Una Educaci\u00f3n Consciente\",\"potentialAction\":[{\"@type\":\"SearchAction\",\"target\":{\"@type\":\"EntryPoint\",\"urlTemplate\":\"https:\/\/unaeducacionconsciente.org\/?s={search_term_string}\"},\"query-input\":{\"@type\":\"PropertyValueSpecification\",\"valueRequired\":true,\"valueName\":\"search_term_string\"}}],\"inLanguage\":\"en-GB\"}]}<\/script>\n<!-- \/ Yoast SEO plugin. -->","yoast_head_json":{"title":"Checko - Una Educaci\u00f3n Consciente","robots":{"index":"index","follow":"follow","max-snippet":"max-snippet:-1","max-image-preview":"max-image-preview:large","max-video-preview":"max-video-preview:-1"},"canonical":"https:\/\/unaeducacionconsciente.org\/en\/checko\/","og_locale":"en_GB","og_type":"article","og_title":"Checko - Una Educaci\u00f3n Consciente","og_description":"\u00a1Gracias por registrarte! Ahora por favor busca tu correo electr\u00f3nico. Te hemos enviado un e-mail con un link para generar [&hellip;]","og_url":"https:\/\/unaeducacionconsciente.org\/en\/checko\/","og_site_name":"Una Educaci\u00f3n Consciente","article_modified_time":"2025-11-16T00:59:48+00:00","twitter_card":"summary_large_image","twitter_misc":{"Estimated reading time":"1 minute"},"schema":{"@context":"https:\/\/schema.org","@graph":[{"@type":"WebPage","@id":"https:\/\/unaeducacionconsciente.org\/checko\/","url":"https:\/\/unaeducacionconsciente.org\/checko\/","name":"Checko - Una Educaci\u00f3n Consciente","isPartOf":{"@id":"https:\/\/unaeducacionconsciente.org\/#website"},"datePublished":"2025-11-15T22:21:16+00:00","dateModified":"2025-11-16T00:59:48+00:00","breadcrumb":{"@id":"https:\/\/unaeducacionconsciente.org\/checko\/#breadcrumb"},"inLanguage":"en-GB","potentialAction":[{"@type":"ReadAction","target":["https:\/\/unaeducacionconsciente.org\/checko\/"]}]},{"@type":"BreadcrumbList","@id":"https:\/\/unaeducacionconsciente.org\/checko\/#breadcrumb","itemListElement":[{"@type":"ListItem","position":1,"name":"Home","item":"https:\/\/unaeducacionconsciente.org\/"},{"@type":"ListItem","position":2,"name":"Checko"}]},{"@type":"WebSite","@id":"https:\/\/unaeducacionconsciente.org\/#website","url":"https:\/\/unaeducacionconsciente.org\/","name":"Una Educaci\u00f3n Consciente","description":"Una Educaci\u00f3n Consciente","potentialAction":[{"@type":"SearchAction","target":{"@type":"EntryPoint","urlTemplate":"https:\/\/unaeducacionconsciente.org\/?s={search_term_string}"},"query-input":{"@type":"PropertyValueSpecification","valueRequired":true,"valueName":"search_term_string"}}],"inLanguage":"en-GB"}]}},"rttpg_featured_image_url":null,"rttpg_author":{"display_name":"gberardone","author_link":"https:\/\/unaeducacionconsciente.org\/en\/author\/gberardone\/"},"rttpg_comment":0,"rttpg_category":null,"rttpg_excerpt":"\u00a1Gracias por registrarte! Ahora por favor busca tu correo electr\u00f3nico. Te hemos enviado un e-mail con un link para generar [&hellip;]","_links":{"self":[{"href":"https:\/\/unaeducacionconsciente.org\/en\/wp-json\/wp\/v2\/pages\/1501","targetHints":{"allow":["GET"]}}],"collection":[{"href":"https:\/\/unaeducacionconsciente.org\/en\/wp-json\/wp\/v2\/pages"}],"about":[{"href":"https:\/\/unaeducacionconsciente.org\/en\/wp-json\/wp\/v2\/types\/page"}],"author":[{"embeddable":true,"href":"https:\/\/unaeducacionconsciente.org\/en\/wp-json\/wp\/v2\/users\/1"}],"replies":[{"embeddable":true,"href":"https:\/\/unaeducacionconsciente.org\/en\/wp-json\/wp\/v2\/comments?post=1501"}],"version-history":[{"count":27,"href":"https:\/\/unaeducacionconsciente.org\/en\/wp-json\/wp\/v2\/pages\/1501\/revisions"}],"predecessor-version":[{"id":1547,"href":"https:\/\/unaeducacionconsciente.org\/en\/wp-json\/wp\/v2\/pages\/1501\/revisions\/1547"}],"wp:attachment":[{"href":"https:\/\/unaeducacionconsciente.org\/en\/wp-json\/wp\/v2\/media?parent=1501"}],"curies":[{"name":"wp","href":"https:\/\/api.w.org\/{rel}","templated":true}]}}