{"id":22,"date":"2025-02-12T14:35:01","date_gmt":"2025-02-12T14:35:01","guid":{"rendered":"https:\/\/unaeducacionconsciente.org\/?page_id=22"},"modified":"2025-07-08T20:00:15","modified_gmt":"2025-07-08T20:00:15","slug":"convivencias","status":"publish","type":"page","link":"https:\/\/unaeducacionconsciente.org\/en\/convivencias\/","title":{"rendered":"Convivencias"},"content":{"rendered":"<div data-elementor-type=\"wp-page\" data-elementor-id=\"22\" class=\"elementor elementor-22\">\n\t\t\t\t<div class=\"elementor-element elementor-element-37a8316 e-flex e-con-boxed e-con e-parent\" data-id=\"37a8316\" data-element_type=\"container\" data-settings=\"{&quot;background_background&quot;:&quot;classic&quot;}\">\n\t\t\t\t\t<div class=\"e-con-inner\">\n\t\t\t\t<div class=\"elementor-element elementor-element-ce4ab99 elementor-widget elementor-widget-heading\" data-id=\"ce4ab99\" data-element_type=\"widget\" data-widget_type=\"heading.default\">\n\t\t\t\t<div class=\"elementor-widget-container\">\n\t\t\t\t\t<h1 class=\"elementor-heading-title elementor-size-default\">Convivencias en Centro Satyam<\/h1>\t\t\t\t<\/div>\n\t\t\t\t<\/div>\n\t\t\t\t<div class=\"elementor-element elementor-element-48b99a4 elementor-widget elementor-widget-text-editor\" data-id=\"48b99a4\" data-element_type=\"widget\" data-widget_type=\"text-editor.default\">\n\t\t\t\t<div class=\"elementor-widget-container\">\n\t\t\t\t\t\t\t\t\t<p>Escribinos para organizar encuentros con tu equipo de docentes y\/o con estudiantes.<\/p>\t\t\t\t\t\t\t\t<\/div>\n\t\t\t\t<\/div>\n\t\t\t\t<div class=\"elementor-element elementor-element-2dcdab5 white-link elementor-widget elementor-widget-text-editor\" data-id=\"2dcdab5\" data-element_type=\"widget\" data-widget_type=\"text-editor.default\">\n\t\t\t\t<div class=\"elementor-widget-container\">\n\t\t\t\t\t\t\t\t\t<p><a href=\"http:\/\/wa.link\/6m391j\" target=\"_blank\" rel=\"noopener\">Contactanos<\/a><\/p>\t\t\t\t\t\t\t\t<\/div>\n\t\t\t\t<\/div>\n\t\t\t\t\t<\/div>\n\t\t\t\t<\/div>\n\t\t<div class=\"elementor-element elementor-element-8308fe1 e-flex e-con-boxed e-con e-parent\" data-id=\"8308fe1\" data-element_type=\"container\" data-settings=\"{&quot;background_background&quot;:&quot;classic&quot;}\">\n\t\t\t\t\t<div class=\"e-con-inner\">\n\t\t\t\t<div class=\"elementor-element elementor-element-35e884c elementor-widget elementor-widget-heading\" data-id=\"35e884c\" data-element_type=\"widget\" data-widget_type=\"heading.default\">\n\t\t\t\t<div class=\"elementor-widget-container\">\n\t\t\t\t\t<h1 class=\"elementor-heading-title elementor-size-default\">Para Equipos Docentes<\/h1>\t\t\t\t<\/div>\n\t\t\t\t<\/div>\n\t\t\t\t<div class=\"elementor-element elementor-element-3a6fac5 elementor-widget elementor-widget-text-editor\" data-id=\"3a6fac5\" data-element_type=\"widget\" data-widget_type=\"text-editor.default\">\n\t\t\t\t<div class=\"elementor-widget-container\">\n\t\t\t\t\t\t\t\t\t<p>Los encuentros en el bello entorno natural de nuestro centro son una excelente oportunidad para reunir a todo el equipo para comenzar el a\u00f1o o finalizarlo, o en cualquier momento que se considere importante dedicar tiempo para fortalecer los v\u00ednculos, nutrir a los docentes y afianzarse como grupo.<\/p><p>Las cualidades mismas del lugar crean un ambiente relajado, donde la gente se siente en paz y distendida. A su vez, las coordinadoras proponen actividades que fomentan el trabajo en equipo, nos traen al momento presente e incrementan el nivel de conciencia a trav\u00e9s de ejercicios de relajaci\u00f3n y contemplaci\u00f3n en contacto con la naturaleza. Al mismo tiempo se dispone de tiempo libre para que puedan explorar el lugar y recrearse como lo deseen.<\/p>\t\t\t\t\t\t\t\t<\/div>\n\t\t\t\t<\/div>\n\t\t\t\t\t<\/div>\n\t\t\t\t<\/div>\n\t\t<div class=\"elementor-element elementor-element-f54e63e e-grid e-con-full e-con e-child\" data-id=\"f54e63e\" data-element_type=\"container\">\n\t\t\t\t<div class=\"elementor-element elementor-element-798d234 elementor-widget elementor-widget-image\" data-id=\"798d234\" data-element_type=\"widget\" data-widget_type=\"image.default\">\n\t\t\t\t<div class=\"elementor-widget-container\">\n\t\t\t\t\t\t\t\t\t\t\t\t\t\t\t<img fetchpriority=\"high\" decoding=\"async\" width=\"1024\" height=\"768\" src=\"https:\/\/unaeducacionconsciente.org\/wp-content\/uploads\/2025\/07\/180313_CapacitacionMontessori_Almafuerte_03-1024x768.jpg\" class=\"attachment-large size-large wp-image-246\" alt=\"\" srcset=\"https:\/\/unaeducacionconsciente.org\/wp-content\/uploads\/2025\/07\/180313_CapacitacionMontessori_Almafuerte_03-1024x768.jpg 1024w, https:\/\/unaeducacionconsciente.org\/wp-content\/uploads\/2025\/07\/180313_CapacitacionMontessori_Almafuerte_03-600x450.jpg 600w, https:\/\/unaeducacionconsciente.org\/wp-content\/uploads\/2025\/07\/180313_CapacitacionMontessori_Almafuerte_03-300x225.jpg 300w, https:\/\/unaeducacionconsciente.org\/wp-content\/uploads\/2025\/07\/180313_CapacitacionMontessori_Almafuerte_03-768x576.jpg 768w, https:\/\/unaeducacionconsciente.org\/wp-content\/uploads\/2025\/07\/180313_CapacitacionMontessori_Almafuerte_03.jpg 1500w\" sizes=\"(max-width: 1024px) 100vw, 1024px\" \/>\t\t\t\t\t\t\t\t\t\t\t\t\t\t\t<\/div>\n\t\t\t\t<\/div>\n\t\t\t\t<div class=\"elementor-element elementor-element-9db4915 elementor-widget elementor-widget-image\" data-id=\"9db4915\" data-element_type=\"widget\" data-widget_type=\"image.default\">\n\t\t\t\t<div class=\"elementor-widget-container\">\n\t\t\t\t\t\t\t\t\t\t\t\t\t\t\t<img decoding=\"async\" width=\"1024\" height=\"768\" src=\"https:\/\/unaeducacionconsciente.org\/wp-content\/uploads\/2025\/07\/180708_NaturalConnectionAlmafuerte_07-1024x768.jpg\" class=\"attachment-large size-large wp-image-247\" alt=\"\" srcset=\"https:\/\/unaeducacionconsciente.org\/wp-content\/uploads\/2025\/07\/180708_NaturalConnectionAlmafuerte_07-1024x768.jpg 1024w, https:\/\/unaeducacionconsciente.org\/wp-content\/uploads\/2025\/07\/180708_NaturalConnectionAlmafuerte_07-600x450.jpg 600w, https:\/\/unaeducacionconsciente.org\/wp-content\/uploads\/2025\/07\/180708_NaturalConnectionAlmafuerte_07-300x225.jpg 300w, https:\/\/unaeducacionconsciente.org\/wp-content\/uploads\/2025\/07\/180708_NaturalConnectionAlmafuerte_07-768x576.jpg 768w, https:\/\/unaeducacionconsciente.org\/wp-content\/uploads\/2025\/07\/180708_NaturalConnectionAlmafuerte_07.jpg 1500w\" sizes=\"(max-width: 1024px) 100vw, 1024px\" \/>\t\t\t\t\t\t\t\t\t\t\t\t\t\t\t<\/div>\n\t\t\t\t<\/div>\n\t\t\t\t<\/div>\n\t\t<div class=\"elementor-element elementor-element-5edac1a e-flex e-con-boxed e-con e-parent\" data-id=\"5edac1a\" data-element_type=\"container\" data-settings=\"{&quot;background_background&quot;:&quot;classic&quot;}\">\n\t\t\t\t\t<div class=\"e-con-inner\">\n\t\t\t\t<div class=\"elementor-element elementor-element-d9bd26e elementor-widget elementor-widget-heading\" data-id=\"d9bd26e\" data-element_type=\"widget\" data-widget_type=\"heading.default\">\n\t\t\t\t<div class=\"elementor-widget-container\">\n\t\t\t\t\t<h1 class=\"elementor-heading-title elementor-size-default\">Para Grupos Escolares de Primaria y Secundaria<\/h1>\t\t\t\t<\/div>\n\t\t\t\t<\/div>\n\t\t\t\t\t<\/div>\n\t\t\t\t<\/div>\n\t\t<div class=\"elementor-element elementor-element-98a3719 e-flex e-con-boxed e-con e-parent\" data-id=\"98a3719\" data-element_type=\"container\" data-settings=\"{&quot;background_background&quot;:&quot;classic&quot;}\">\n\t\t\t\t\t<div class=\"e-con-inner\">\n\t\t\t\t<div class=\"elementor-element elementor-element-355160b elementor-widget elementor-widget-text-editor\" data-id=\"355160b\" data-element_type=\"widget\" data-widget_type=\"text-editor.default\">\n\t\t\t\t<div class=\"elementor-widget-container\">\n\t\t\t\t\t\t\t\t\t<p>En el Centro Satyam ofrecemos actividades en exteriores en contacto directo con la naturaleza para grupos de estudiantes de secundaria de cualquier nivel. Estos encuentros pueden ser llevados acabo en ingl\u00e9s o en espa\u00f1ol. Idealmente se har\u00eda una jornada completa para permitir una buena inmersi\u00f3n, pero est\u00e1 la opci\u00f3n de hacer media jornada tambi\u00e9n.<\/p><p>El objetivo es proveer un ambiente estimulante y atractivo en el que cada estudiante puede descubrir nuevos intereses y desarrollar nuevas habilidades.<\/p><p>El programa se dise\u00f1a espec\u00edficamente seg\u00fan las necesidades de cada grupo y seg\u00fan las tem\u00e1ticas que se deseen trabajar, las cuales pueden estar relacionadas con temas acad\u00e9micos o con el medio ambiente y\/o con el desarrollo personal de los estudiantes.<\/p><p>A trav\u00e9s de estos encuentros se estimula la creatividad, la solidaridad, el trabajo en equipo y el desarrollo de la concentraci\u00f3n y la confianza en uno mismo. Tambi\u00e9n impulsan pr\u00e1cticas ecol\u00f3gicas y un estilo de vida saludable. De esta manera se despierta la curiosidad cient\u00edfica y el sentido de responsabilidad por el medio ambiente gracias a que tienen la oportunidad de explorar, observar, conectar y cuidar directamente la naturaleza que los rodea.<\/p>\t\t\t\t\t\t\t\t<\/div>\n\t\t\t\t<\/div>\n\t\t\t\t<div class=\"elementor-element elementor-element-516aca9 elementor-widget elementor-widget-text-editor\" data-id=\"516aca9\" data-element_type=\"widget\" data-widget_type=\"text-editor.default\">\n\t\t\t\t<div class=\"elementor-widget-container\">\n\t\t\t\t\t\t\t\t\t<p>Algunas de las tem\u00e1ticas que se pueden elegir son:<\/p><ul><li>Mindfulness: ejercicios de contemplaci\u00f3n, relajaci\u00f3n y de introspecci\u00f3n.<\/li><li>Ecolog\u00eda y Biolog\u00eda: ecosistemas, ciclos de vida, plantas nativas, investigaci\u00f3n sobre distintos organismos, microscop\u00eda, juegos educativos.<\/li><li>Jardiner\u00eda y huerta: sembrado y plantado, germinaci\u00f3n y cosecha, propagaci\u00f3n de semillas, compost.<\/li><li>Trabajo en equipo: soluci\u00f3n de problemas o de desaf\u00edos, juegos en equipo.<\/li><li>Arte natural: dibujo, artesan\u00edas, geometr\u00eda con materiales naturales.<\/li><li>Matem\u00e1tica en la naturaleza: una exploraci\u00f3n de los n\u00fameros y patrones en los dise\u00f1os naturales, laberintos, geometr\u00eda en gran escala.<\/li><li>Recetas saludables: preparaci\u00f3n de la merienda usando ingredientes integrales y naturales.<\/li><li>Medioambiente: proceso de producci\u00f3n de productos contaminantes como el pl\u00e1stico y su efecto contaminante en el ecosistema. Qu\u00edmicos vs ingredientes naturales para la higiene personal. Elaboraci\u00f3n artesanal de productos alternativos. Energ\u00edas alternativas.<\/li><li>Lenguaje: recitaci\u00f3n o creaci\u00f3n de cuentos o poes\u00edas en ingl\u00e9s para practicar hablar el idioma de manera l\u00fadica y trabajar la buena pronunciaci\u00f3n con una coordinadora nativa.<\/li><li>Filosof\u00eda pr\u00e1ctica: a partir de historias inspiradoras se propicia un momento de reflexi\u00f3n y debate sobre las virtudes humanas, las situaciones de la vida y las emociones y c\u00f3mo trabajar personalmente para tomar decisiones m\u00e1s certeras en la vida y ser m\u00e1s consciente y feliz.<\/li><\/ul>\t\t\t\t\t\t\t\t<\/div>\n\t\t\t\t<\/div>\n\t\t\t\t\t<\/div>\n\t\t\t\t<\/div>\n\t\t<div class=\"elementor-element elementor-element-557b9e5 e-grid e-con-full e-con e-child\" data-id=\"557b9e5\" data-element_type=\"container\">\n\t\t\t\t<div class=\"elementor-element elementor-element-9a612cd elementor-widget elementor-widget-image\" data-id=\"9a612cd\" data-element_type=\"widget\" data-widget_type=\"image.default\">\n\t\t\t\t<div class=\"elementor-widget-container\">\n\t\t\t\t\t\t\t\t\t\t\t\t\t\t\t<img decoding=\"async\" width=\"1024\" height=\"768\" src=\"https:\/\/unaeducacionconsciente.org\/wp-content\/uploads\/2025\/07\/180628_NaturalConnectionAlmafuerte_07-1024x768.jpg\" class=\"attachment-large size-large wp-image-249\" alt=\"\" srcset=\"https:\/\/unaeducacionconsciente.org\/wp-content\/uploads\/2025\/07\/180628_NaturalConnectionAlmafuerte_07-1024x768.jpg 1024w, https:\/\/unaeducacionconsciente.org\/wp-content\/uploads\/2025\/07\/180628_NaturalConnectionAlmafuerte_07-600x450.jpg 600w, https:\/\/unaeducacionconsciente.org\/wp-content\/uploads\/2025\/07\/180628_NaturalConnectionAlmafuerte_07-300x225.jpg 300w, https:\/\/unaeducacionconsciente.org\/wp-content\/uploads\/2025\/07\/180628_NaturalConnectionAlmafuerte_07-768x576.jpg 768w, https:\/\/unaeducacionconsciente.org\/wp-content\/uploads\/2025\/07\/180628_NaturalConnectionAlmafuerte_07.jpg 1500w\" sizes=\"(max-width: 1024px) 100vw, 1024px\" \/>\t\t\t\t\t\t\t\t\t\t\t\t\t\t\t<\/div>\n\t\t\t\t<\/div>\n\t\t\t\t<div class=\"elementor-element elementor-element-54b8ec1 elementor-widget elementor-widget-image\" data-id=\"54b8ec1\" data-element_type=\"widget\" data-widget_type=\"image.default\">\n\t\t\t\t<div class=\"elementor-widget-container\">\n\t\t\t\t\t\t\t\t\t\t\t\t\t\t\t<img loading=\"lazy\" decoding=\"async\" width=\"1024\" height=\"768\" src=\"https:\/\/unaeducacionconsciente.org\/wp-content\/uploads\/2025\/07\/180627_NaturalConnectionAlmafuerte_18-1024x768.jpg\" class=\"attachment-large size-large wp-image-248\" alt=\"\" srcset=\"https:\/\/unaeducacionconsciente.org\/wp-content\/uploads\/2025\/07\/180627_NaturalConnectionAlmafuerte_18-1024x768.jpg 1024w, https:\/\/unaeducacionconsciente.org\/wp-content\/uploads\/2025\/07\/180627_NaturalConnectionAlmafuerte_18-600x450.jpg 600w, https:\/\/unaeducacionconsciente.org\/wp-content\/uploads\/2025\/07\/180627_NaturalConnectionAlmafuerte_18-300x225.jpg 300w, https:\/\/unaeducacionconsciente.org\/wp-content\/uploads\/2025\/07\/180627_NaturalConnectionAlmafuerte_18-768x576.jpg 768w, https:\/\/unaeducacionconsciente.org\/wp-content\/uploads\/2025\/07\/180627_NaturalConnectionAlmafuerte_18.jpg 1500w\" sizes=\"(max-width: 1024px) 100vw, 1024px\" \/>\t\t\t\t\t\t\t\t\t\t\t\t\t\t\t<\/div>\n\t\t\t\t<\/div>\n\t\t\t\t<\/div>\n\t\t\t\t<\/div>","protected":false},"excerpt":{"rendered":"<p>Convivencias en Centro Satyam Escribinos para organizar encuentros con tu equipo de docentes y\/o con estudiantes. Contactanos Para Equipos Docentes [&hellip;]<\/p>","protected":false},"author":1,"featured_media":0,"parent":0,"menu_order":0,"comment_status":"closed","ping_status":"closed","template":"","meta":{"site-sidebar-layout":"no-sidebar","site-content-layout":"","ast-site-content-layout":"full-width-container","site-content-style":"default","site-sidebar-style":"default","ast-global-header-display":"","ast-banner-title-visibility":"","ast-main-header-display":"","ast-hfb-above-header-display":"","ast-hfb-below-header-display":"","ast-hfb-mobile-header-display":"","site-post-title":"disabled","ast-breadcrumbs-content":"","ast-featured-img":"disabled","footer-sml-layout":"","theme-transparent-header-meta":"","adv-header-id-meta":"","stick-header-meta":"","header-above-stick-meta":"","header-main-stick-meta":"","header-below-stick-meta":"","astra-migrate-meta-layouts":"default","ast-page-background-enabled":"default","ast-page-background-meta":{"desktop":{"background-color":"var(--ast-global-color-5)","background-image":"","background-repeat":"repeat","background-position":"center center","background-size":"auto","background-attachment":"scroll","background-type":"","background-media":"","overlay-type":"","overlay-color":"","overlay-opacity":"","overlay-gradient":""},"tablet":{"background-color":"","background-image":"","background-repeat":"repeat","background-position":"center center","background-size":"auto","background-attachment":"scroll","background-type":"","background-media":"","overlay-type":"","overlay-color":"","overlay-opacity":"","overlay-gradient":""},"mobile":{"background-color":"","background-image":"","background-repeat":"repeat","background-position":"center center","background-size":"auto","background-attachment":"scroll","background-type":"","background-media":"","overlay-type":"","overlay-color":"","overlay-opacity":"","overlay-gradient":""}},"ast-content-background-meta":{"desktop":{"background-color":"var(--ast-global-color-4)","background-image":"","background-repeat":"repeat","background-position":"center center","background-size":"auto","background-attachment":"scroll","background-type":"","background-media":"","overlay-type":"","overlay-color":"","overlay-opacity":"","overlay-gradient":""},"tablet":{"background-color":"var(--ast-global-color-4)","background-image":"","background-repeat":"repeat","background-position":"center center","background-size":"auto","background-attachment":"scroll","background-type":"","background-media":"","overlay-type":"","overlay-color":"","overlay-opacity":"","overlay-gradient":""},"mobile":{"background-color":"var(--ast-global-color-4)","background-image":"","background-repeat":"repeat","background-position":"center center","background-size":"auto","background-attachment":"scroll","background-type":"","background-media":"","overlay-type":"","overlay-color":"","overlay-opacity":"","overlay-gradient":""}},"footnotes":""},"class_list":["post-22","page","type-page","status-publish","hentry"],"yoast_head":"<!-- This site is optimized with the Yoast SEO plugin v26.2 - https:\/\/yoast.com\/wordpress\/plugins\/seo\/ -->\n<title>Convivencias - Una Educaci\u00f3n Consciente<\/title>\n<meta name=\"robots\" content=\"index, follow, max-snippet:-1, max-image-preview:large, max-video-preview:-1\" \/>\n<link rel=\"canonical\" href=\"https:\/\/unaeducacionconsciente.org\/en\/convivencias\/\" \/>\n<meta property=\"og:locale\" content=\"en_GB\" \/>\n<meta property=\"og:type\" content=\"article\" \/>\n<meta property=\"og:title\" content=\"Convivencias - Una Educaci\u00f3n Consciente\" \/>\n<meta property=\"og:description\" content=\"Convivencias en Centro Satyam Escribinos para organizar encuentros con tu equipo de docentes y\/o con estudiantes. Contactanos Para Equipos Docentes [&hellip;]\" \/>\n<meta property=\"og:url\" content=\"https:\/\/unaeducacionconsciente.org\/en\/convivencias\/\" \/>\n<meta property=\"og:site_name\" content=\"Una Educaci\u00f3n Consciente\" \/>\n<meta property=\"article:modified_time\" content=\"2025-07-08T20:00:15+00:00\" \/>\n<meta property=\"og:image\" content=\"https:\/\/unaeducacionconsciente.org\/wp-content\/uploads\/2025\/07\/180313_CapacitacionMontessori_Almafuerte_03-1024x768.jpg\" \/>\n<meta name=\"twitter:card\" content=\"summary_large_image\" \/>\n<meta name=\"twitter:label1\" content=\"Estimated reading time\" \/>\n\t<meta name=\"twitter:data1\" content=\"4 minutes\" \/>\n<script type=\"application\/ld+json\" class=\"yoast-schema-graph\">{\"@context\":\"https:\/\/schema.org\",\"@graph\":[{\"@type\":\"WebPage\",\"@id\":\"https:\/\/unaeducacionconsciente.org\/convivencias\/\",\"url\":\"https:\/\/unaeducacionconsciente.org\/convivencias\/\",\"name\":\"Convivencias - Una Educaci\u00f3n Consciente\",\"isPartOf\":{\"@id\":\"https:\/\/unaeducacionconsciente.org\/#website\"},\"primaryImageOfPage\":{\"@id\":\"https:\/\/unaeducacionconsciente.org\/convivencias\/#primaryimage\"},\"image\":{\"@id\":\"https:\/\/unaeducacionconsciente.org\/convivencias\/#primaryimage\"},\"thumbnailUrl\":\"https:\/\/unaeducacionconsciente.org\/wp-content\/uploads\/2025\/07\/180313_CapacitacionMontessori_Almafuerte_03-1024x768.jpg\",\"datePublished\":\"2025-02-12T14:35:01+00:00\",\"dateModified\":\"2025-07-08T20:00:15+00:00\",\"breadcrumb\":{\"@id\":\"https:\/\/unaeducacionconsciente.org\/convivencias\/#breadcrumb\"},\"inLanguage\":\"en-GB\",\"potentialAction\":[{\"@type\":\"ReadAction\",\"target\":[\"https:\/\/unaeducacionconsciente.org\/convivencias\/\"]}]},{\"@type\":\"ImageObject\",\"inLanguage\":\"en-GB\",\"@id\":\"https:\/\/unaeducacionconsciente.org\/convivencias\/#primaryimage\",\"url\":\"https:\/\/unaeducacionconsciente.org\/wp-content\/uploads\/2025\/07\/180313_CapacitacionMontessori_Almafuerte_03-1024x768.jpg\",\"contentUrl\":\"https:\/\/unaeducacionconsciente.org\/wp-content\/uploads\/2025\/07\/180313_CapacitacionMontessori_Almafuerte_03-1024x768.jpg\"},{\"@type\":\"BreadcrumbList\",\"@id\":\"https:\/\/unaeducacionconsciente.org\/convivencias\/#breadcrumb\",\"itemListElement\":[{\"@type\":\"ListItem\",\"position\":1,\"name\":\"Home\",\"item\":\"https:\/\/unaeducacionconsciente.org\/\"},{\"@type\":\"ListItem\",\"position\":2,\"name\":\"Convivencias\"}]},{\"@type\":\"WebSite\",\"@id\":\"https:\/\/unaeducacionconsciente.org\/#website\",\"url\":\"https:\/\/unaeducacionconsciente.org\/\",\"name\":\"Una Educaci\u00f3n Consciente\",\"description\":\"Una Educaci\u00f3n Consciente\",\"potentialAction\":[{\"@type\":\"SearchAction\",\"target\":{\"@type\":\"EntryPoint\",\"urlTemplate\":\"https:\/\/unaeducacionconsciente.org\/?s={search_term_string}\"},\"query-input\":{\"@type\":\"PropertyValueSpecification\",\"valueRequired\":true,\"valueName\":\"search_term_string\"}}],\"inLanguage\":\"en-GB\"}]}<\/script>\n<!-- \/ Yoast SEO plugin. -->","yoast_head_json":{"title":"Convivencias - Una Educaci\u00f3n Consciente","robots":{"index":"index","follow":"follow","max-snippet":"max-snippet:-1","max-image-preview":"max-image-preview:large","max-video-preview":"max-video-preview:-1"},"canonical":"https:\/\/unaeducacionconsciente.org\/en\/convivencias\/","og_locale":"en_GB","og_type":"article","og_title":"Convivencias - Una Educaci\u00f3n Consciente","og_description":"Convivencias en Centro Satyam Escribinos para organizar encuentros con tu equipo de docentes y\/o con estudiantes. Contactanos Para Equipos Docentes [&hellip;]","og_url":"https:\/\/unaeducacionconsciente.org\/en\/convivencias\/","og_site_name":"Una Educaci\u00f3n Consciente","article_modified_time":"2025-07-08T20:00:15+00:00","og_image":[{"url":"https:\/\/unaeducacionconsciente.org\/wp-content\/uploads\/2025\/07\/180313_CapacitacionMontessori_Almafuerte_03-1024x768.jpg","type":"","width":"","height":""}],"twitter_card":"summary_large_image","twitter_misc":{"Estimated reading time":"4 minutes"},"schema":{"@context":"https:\/\/schema.org","@graph":[{"@type":"WebPage","@id":"https:\/\/unaeducacionconsciente.org\/convivencias\/","url":"https:\/\/unaeducacionconsciente.org\/convivencias\/","name":"Convivencias - Una Educaci\u00f3n Consciente","isPartOf":{"@id":"https:\/\/unaeducacionconsciente.org\/#website"},"primaryImageOfPage":{"@id":"https:\/\/unaeducacionconsciente.org\/convivencias\/#primaryimage"},"image":{"@id":"https:\/\/unaeducacionconsciente.org\/convivencias\/#primaryimage"},"thumbnailUrl":"https:\/\/unaeducacionconsciente.org\/wp-content\/uploads\/2025\/07\/180313_CapacitacionMontessori_Almafuerte_03-1024x768.jpg","datePublished":"2025-02-12T14:35:01+00:00","dateModified":"2025-07-08T20:00:15+00:00","breadcrumb":{"@id":"https:\/\/unaeducacionconsciente.org\/convivencias\/#breadcrumb"},"inLanguage":"en-GB","potentialAction":[{"@type":"ReadAction","target":["https:\/\/unaeducacionconsciente.org\/convivencias\/"]}]},{"@type":"ImageObject","inLanguage":"en-GB","@id":"https:\/\/unaeducacionconsciente.org\/convivencias\/#primaryimage","url":"https:\/\/unaeducacionconsciente.org\/wp-content\/uploads\/2025\/07\/180313_CapacitacionMontessori_Almafuerte_03-1024x768.jpg","contentUrl":"https:\/\/unaeducacionconsciente.org\/wp-content\/uploads\/2025\/07\/180313_CapacitacionMontessori_Almafuerte_03-1024x768.jpg"},{"@type":"BreadcrumbList","@id":"https:\/\/unaeducacionconsciente.org\/convivencias\/#breadcrumb","itemListElement":[{"@type":"ListItem","position":1,"name":"Home","item":"https:\/\/unaeducacionconsciente.org\/"},{"@type":"ListItem","position":2,"name":"Convivencias"}]},{"@type":"WebSite","@id":"https:\/\/unaeducacionconsciente.org\/#website","url":"https:\/\/unaeducacionconsciente.org\/","name":"Una Educaci\u00f3n Consciente","description":"Una Educaci\u00f3n Consciente","potentialAction":[{"@type":"SearchAction","target":{"@type":"EntryPoint","urlTemplate":"https:\/\/unaeducacionconsciente.org\/?s={search_term_string}"},"query-input":{"@type":"PropertyValueSpecification","valueRequired":true,"valueName":"search_term_string"}}],"inLanguage":"en-GB"}]}},"rttpg_featured_image_url":null,"rttpg_author":{"display_name":"gberardone","author_link":"https:\/\/unaeducacionconsciente.org\/en\/author\/gberardone\/"},"rttpg_comment":0,"rttpg_category":null,"rttpg_excerpt":"Convivencias en Centro Satyam Escribinos para organizar encuentros con tu equipo de docentes y\/o con estudiantes. Contactanos Para Equipos Docentes [&hellip;]","_links":{"self":[{"href":"https:\/\/unaeducacionconsciente.org\/en\/wp-json\/wp\/v2\/pages\/22","targetHints":{"allow":["GET"]}}],"collection":[{"href":"https:\/\/unaeducacionconsciente.org\/en\/wp-json\/wp\/v2\/pages"}],"about":[{"href":"https:\/\/unaeducacionconsciente.org\/en\/wp-json\/wp\/v2\/types\/page"}],"author":[{"embeddable":true,"href":"https:\/\/unaeducacionconsciente.org\/en\/wp-json\/wp\/v2\/users\/1"}],"replies":[{"embeddable":true,"href":"https:\/\/unaeducacionconsciente.org\/en\/wp-json\/wp\/v2\/comments?post=22"}],"version-history":[{"count":37,"href":"https:\/\/unaeducacionconsciente.org\/en\/wp-json\/wp\/v2\/pages\/22\/revisions"}],"predecessor-version":[{"id":298,"href":"https:\/\/unaeducacionconsciente.org\/en\/wp-json\/wp\/v2\/pages\/22\/revisions\/298"}],"wp:attachment":[{"href":"https:\/\/unaeducacionconsciente.org\/en\/wp-json\/wp\/v2\/media?parent=22"}],"curies":[{"name":"wp","href":"https:\/\/api.w.org\/{rel}","templated":true}]}}