{"id":299,"date":"2025-07-08T21:20:28","date_gmt":"2025-07-08T21:20:28","guid":{"rendered":"https:\/\/unaeducacionconsciente.org\/?page_id=299"},"modified":"2025-07-08T21:40:18","modified_gmt":"2025-07-08T21:40:18","slug":"curso-introductorio","status":"publish","type":"page","link":"https:\/\/unaeducacionconsciente.org\/en\/curso-introductorio\/","title":{"rendered":"Curso Introductorio"},"content":{"rendered":"<div data-elementor-type=\"wp-page\" data-elementor-id=\"299\" class=\"elementor elementor-299\">\n\t\t\t\t<div class=\"elementor-element elementor-element-81a0519 e-flex e-con-boxed e-con e-parent\" data-id=\"81a0519\" data-element_type=\"container\" data-settings=\"{&quot;background_background&quot;:&quot;classic&quot;}\">\n\t\t\t\t\t<div class=\"e-con-inner\">\n\t\t\t\t<div class=\"elementor-element elementor-element-624a3ab elementor-widget elementor-widget-heading\" data-id=\"624a3ab\" data-element_type=\"widget\" data-widget_type=\"heading.default\">\n\t\t\t\t<div class=\"elementor-widget-container\">\n\t\t\t\t\t<h1 class=\"elementor-heading-title elementor-size-default\">Presentaci\u00f3n del Curso Introductorio online<\/h1>\t\t\t\t<\/div>\n\t\t\t\t<\/div>\n\t\t\t\t<div class=\"elementor-element elementor-element-81eddd8 elementor-widget elementor-widget-heading\" data-id=\"81eddd8\" data-element_type=\"widget\" data-widget_type=\"heading.default\">\n\t\t\t\t<div class=\"elementor-widget-container\">\n\t\t\t\t\t<h2 class=\"elementor-heading-title elementor-size-default\">Bienvenidos<\/h2>\t\t\t\t<\/div>\n\t\t\t\t<\/div>\n\t\t\t\t\t<\/div>\n\t\t\t\t<\/div>\n\t\t<div class=\"elementor-element elementor-element-afd1000 e-flex e-con-boxed e-con e-parent\" data-id=\"afd1000\" data-element_type=\"container\">\n\t\t\t\t\t<div class=\"e-con-inner\">\n\t\t\t\t<div class=\"elementor-element elementor-element-0991334 elementor-widget elementor-widget-video\" data-id=\"0991334\" data-element_type=\"widget\" data-settings=\"{&quot;youtube_url&quot;:&quot;https:\\\/\\\/youtu.be\\\/_VVJnHdQnGA&quot;,&quot;autoplay&quot;:&quot;yes&quot;,&quot;play_on_mobile&quot;:&quot;yes&quot;,&quot;video_type&quot;:&quot;youtube&quot;,&quot;controls&quot;:&quot;yes&quot;}\" data-widget_type=\"video.default\">\n\t\t\t\t<div class=\"elementor-widget-container\">\n\t\t\t\t\t\t\t<div class=\"elementor-wrapper elementor-open-inline\">\n\t\t\t<div class=\"elementor-video\"><\/div>\t\t<\/div>\n\t\t\t\t\t\t<\/div>\n\t\t\t\t<\/div>\n\t\t\t\t\t<\/div>\n\t\t\t\t<\/div>\n\t\t<div class=\"elementor-element elementor-element-432e42d e-flex e-con-boxed e-con e-parent\" data-id=\"432e42d\" data-element_type=\"container\">\n\t\t\t\t\t<div class=\"e-con-inner\">\n\t\t\t\t<div class=\"elementor-element elementor-element-117ec78 elementor-widget elementor-widget-text-editor\" data-id=\"117ec78\" data-element_type=\"widget\" data-widget_type=\"text-editor.default\">\n\t\t\t\t<div class=\"elementor-widget-container\">\n\t\t\t\t\t\t\t\t\t<p>Hola, somos Luciana y Neda. Es un gusto compartir con vos lo que nos apasiona.<br \/><br \/>Hemos dise\u00f1ado este curso pr\u00e1ctico como introducci\u00f3n al programa Una Educaci\u00f3n Consciente que trata sobre: Ser Humano, M\u00e9todo Montessori y Conexi\u00f3n Natural.<br \/>\u200d<br \/>Esperamos que lo disfrutes y que en alg\u00fan momento en el futuro cercano podamos conocernos y seguir explorando y aprendiendo juntos a trav\u00e9s de las capacitaciones docentes, charlas para padres y talleres para ni\u00f1os que ofrecemos a escuelas y organizaciones tanto en castellano como en ingl\u00e9s.<br \/>\u200d<br \/>El curso est\u00e1 dividido en tres m\u00f3dulos que consisten en videos con din\u00e1micas interactivas y una breve reflexi\u00f3n para completar al final.<\/p><p class=\"txt_principal\"><br \/><strong>Cu\u00e1ndo<\/strong>: una vez que llen\u00e1s el formulario de inscripci\u00f3n te lleva al \u00edndice para comenzar inmediatamente. Y en las pr\u00f3ximas horas <strong>recibir\u00e1s un email<\/strong> con el enlace para que puedas acceder cuando quieras.<\/p><p class=\"txt_principal\"><strong>Cu\u00e1nto dura<\/strong>: son videos que haces a tu propio ritmo y en el tiempo que quieras.<\/p>\t\t\t\t\t\t\t\t<\/div>\n\t\t\t\t<\/div>\n\t\t\t\t\t<\/div>\n\t\t\t\t<\/div>\n\t\t<div class=\"elementor-element elementor-element-e842bfa e-flex e-con-boxed e-con e-parent\" data-id=\"e842bfa\" data-element_type=\"container\">\n\t\t\t\t\t<div class=\"e-con-inner\">\n\t\t\t\t<div class=\"elementor-element elementor-element-67f217b elementor-widget elementor-widget-html\" data-id=\"67f217b\" data-element_type=\"widget\" data-widget_type=\"html.default\">\n\t\t\t\t<div class=\"elementor-widget-container\">\n\t\t\t\t\t<iframe src=\"https:\/\/docs.google.com\/forms\/d\/e\/1FAIpQLSdgzEv_g1ufeIOY7SfgjLG5Cec0edWLF5E1dTbmPhoUpcydlQ\/viewform?embedded=true\" width=\"640\" height=\"2026\" frameborder=\"0\" marginheight=\"0\" marginwidth=\"0\">Cargando\u2026<\/iframe>\t\t\t\t<\/div>\n\t\t\t\t<\/div>\n\t\t\t\t\t<\/div>\n\t\t\t\t<\/div>\n\t\t<div class=\"elementor-element elementor-element-5e9f6c7 e-flex e-con-boxed e-con e-parent\" data-id=\"5e9f6c7\" data-element_type=\"container\">\n\t\t\t\t\t<div class=\"e-con-inner\">\n\t\t\t\t<div class=\"elementor-element elementor-element-abe9339 elementor-widget elementor-widget-text-editor\" data-id=\"abe9339\" data-element_type=\"widget\" data-widget_type=\"text-editor.default\">\n\t\t\t\t<div class=\"elementor-widget-container\">\n\t\t\t\t\t\t\t\t\t<p>Ya completaron el curso participantes de Argentina, Uruguay, Chile, Bolivia, Per\u00fa, Ecuador, Colombia, Venezuela, M\u00e9xico, Costa Rica, Puerto Rico, Rep\u00fablica Dominicana y Espa\u00f1a. Estos son algunos de sus comentarios:<br \/><br \/><em>\u00abAm\u00e9 el curso introductorio a una educaci\u00f3n consciente. Me encantar\u00eda poder seguir aprendiendo!!! Gracias!!!\u00bb<br \/><\/em>Docente, Buenos Aires, Argentina<br \/><br \/><em>\u00abEs un curso muy interesante en cuanto a todo su contenido.\u201d <br \/><\/em>Docente, Guadalajara, M\u00e9xico<br \/><br \/><em>\u00abMe hace sentir muy feliz que un curso sobre educaci\u00f3n comience as\u00ed. Sensaci\u00f3n todo de agradecimiento hacia uds.!\u201d<br \/><\/em>Psicopedagoga, Entre R\u00edos, Argentina<br \/>\u200d<br \/><em>\u00abLa actividad moviliz\u00f3 todas mis dimensiones en una paz equilibrada permiti\u00e9ndome liberar el cansancio general que tra\u00eda mi cuerpo y mente.\u00bb <br \/><\/em>Docente, El Lucero Durango, M\u00e9xico<br \/><br \/><em>\u00abMe pareci\u00f3 una actividad muy beneficiosa para poder relajarme. La tendr\u00e9 siempre en cuenta a la hora de buscar la paz y el equilibrio.\u201d<br \/><\/em>Docente, Entre R\u00edos, Argentina<br \/><br \/><em>\u00abMe encanta la actividad para aplicarla con los ni\u00f1os y en casa con la familia\u201d<br \/><\/em>Docente, Barreal de Heredia, Costa Rica<br \/><br \/><em>\u00abDisfrut\u00e9 mucho de la propuesta, la voy a aplicar en mi sala cuando termine el confinamiento, soy docente de nivel inicial. Y desde ya con mis ni\u00f1os en casa. Gracias!!!\u00bb <br \/><\/em>Docente, Santa F\u00e9, Argentina<br \/><br \/><em>\u201cCreo que es una excelente forma de activar las mentes de los ni\u00f1os que est\u00e1n dispersos, dormidos, pendientes de otras cuestiones o incluso que traen al aula problemas de la casa.\u00bb<br \/><\/em>Docente, C\u00f3rdoba, Argentina<br \/><br \/><em>\u00abExcelente informaci\u00f3n, me gustar\u00eda seguir inform\u00e1ndome.\u201d<br \/><\/em>Directora, Colima, M\u00e9xico<\/p>\t\t\t\t\t\t\t\t<\/div>\n\t\t\t\t<\/div>\n\t\t\t\t\t<\/div>\n\t\t\t\t<\/div>\n\t\t\t\t<\/div>","protected":false},"excerpt":{"rendered":"<p>Presentaci\u00f3n del Curso Introductorio online Bienvenidos https:\/\/youtu.be\/_VVJnHdQnGA Hola, somos Luciana y Neda. Es un gusto compartir con vos lo que [&hellip;]<\/p>","protected":false},"author":1,"featured_media":0,"parent":0,"menu_order":0,"comment_status":"closed","ping_status":"closed","template":"","meta":{"site-sidebar-layout":"no-sidebar","site-content-layout":"","ast-site-content-layout":"full-width-container","site-content-style":"default","site-sidebar-style":"default","ast-global-header-display":"","ast-banner-title-visibility":"","ast-main-header-display":"","ast-hfb-above-header-display":"","ast-hfb-below-header-display":"","ast-hfb-mobile-header-display":"","site-post-title":"disabled","ast-breadcrumbs-content":"","ast-featured-img":"disabled","footer-sml-layout":"","theme-transparent-header-meta":"","adv-header-id-meta":"","stick-header-meta":"","header-above-stick-meta":"","header-main-stick-meta":"","header-below-stick-meta":"","astra-migrate-meta-layouts":"default","ast-page-background-enabled":"default","ast-page-background-meta":{"desktop":{"background-color":"var(--ast-global-color-5)","background-image":"","background-repeat":"repeat","background-position":"center center","background-size":"auto","background-attachment":"scroll","background-type":"","background-media":"","overlay-type":"","overlay-color":"","overlay-opacity":"","overlay-gradient":""},"tablet":{"background-color":"","background-image":"","background-repeat":"repeat","background-position":"center center","background-size":"auto","background-attachment":"scroll","background-type":"","background-media":"","overlay-type":"","overlay-color":"","overlay-opacity":"","overlay-gradient":""},"mobile":{"background-color":"","background-image":"","background-repeat":"repeat","background-position":"center center","background-size":"auto","background-attachment":"scroll","background-type":"","background-media":"","overlay-type":"","overlay-color":"","overlay-opacity":"","overlay-gradient":""}},"ast-content-background-meta":{"desktop":{"background-color":"var(--ast-global-color-4)","background-image":"","background-repeat":"repeat","background-position":"center center","background-size":"auto","background-attachment":"scroll","background-type":"","background-media":"","overlay-type":"","overlay-color":"","overlay-opacity":"","overlay-gradient":""},"tablet":{"background-color":"var(--ast-global-color-4)","background-image":"","background-repeat":"repeat","background-position":"center center","background-size":"auto","background-attachment":"scroll","background-type":"","background-media":"","overlay-type":"","overlay-color":"","overlay-opacity":"","overlay-gradient":""},"mobile":{"background-color":"var(--ast-global-color-4)","background-image":"","background-repeat":"repeat","background-position":"center center","background-size":"auto","background-attachment":"scroll","background-type":"","background-media":"","overlay-type":"","overlay-color":"","overlay-opacity":"","overlay-gradient":""}},"footnotes":""},"class_list":["post-299","page","type-page","status-publish","hentry"],"yoast_head":"<!-- This site is optimized with the Yoast SEO plugin v26.2 - https:\/\/yoast.com\/wordpress\/plugins\/seo\/ -->\n<title>Curso Introductorio - Una Educaci\u00f3n Consciente<\/title>\n<meta name=\"robots\" content=\"index, follow, max-snippet:-1, max-image-preview:large, max-video-preview:-1\" \/>\n<link rel=\"canonical\" href=\"https:\/\/unaeducacionconsciente.org\/en\/curso-introductorio\/\" \/>\n<meta property=\"og:locale\" content=\"en_GB\" \/>\n<meta property=\"og:type\" content=\"article\" \/>\n<meta property=\"og:title\" content=\"Curso Introductorio - Una Educaci\u00f3n Consciente\" \/>\n<meta property=\"og:description\" content=\"Presentaci\u00f3n del Curso Introductorio online Bienvenidos https:\/\/youtu.be\/_VVJnHdQnGA Hola, somos Luciana y Neda. Es un gusto compartir con vos lo que [&hellip;]\" \/>\n<meta property=\"og:url\" content=\"https:\/\/unaeducacionconsciente.org\/en\/curso-introductorio\/\" \/>\n<meta property=\"og:site_name\" content=\"Una Educaci\u00f3n Consciente\" \/>\n<meta property=\"article:modified_time\" content=\"2025-07-08T21:40:18+00:00\" \/>\n<meta name=\"twitter:card\" content=\"summary_large_image\" \/>\n<meta name=\"twitter:label1\" content=\"Estimated reading time\" \/>\n\t<meta name=\"twitter:data1\" content=\"2 minutes\" \/>\n<script type=\"application\/ld+json\" class=\"yoast-schema-graph\">{\"@context\":\"https:\/\/schema.org\",\"@graph\":[{\"@type\":\"WebPage\",\"@id\":\"https:\/\/unaeducacionconsciente.org\/curso-introductorio\/\",\"url\":\"https:\/\/unaeducacionconsciente.org\/curso-introductorio\/\",\"name\":\"Curso Introductorio - Una Educaci\u00f3n Consciente\",\"isPartOf\":{\"@id\":\"https:\/\/unaeducacionconsciente.org\/#website\"},\"datePublished\":\"2025-07-08T21:20:28+00:00\",\"dateModified\":\"2025-07-08T21:40:18+00:00\",\"breadcrumb\":{\"@id\":\"https:\/\/unaeducacionconsciente.org\/curso-introductorio\/#breadcrumb\"},\"inLanguage\":\"en-GB\",\"potentialAction\":[{\"@type\":\"ReadAction\",\"target\":[\"https:\/\/unaeducacionconsciente.org\/curso-introductorio\/\"]}]},{\"@type\":\"BreadcrumbList\",\"@id\":\"https:\/\/unaeducacionconsciente.org\/curso-introductorio\/#breadcrumb\",\"itemListElement\":[{\"@type\":\"ListItem\",\"position\":1,\"name\":\"Home\",\"item\":\"https:\/\/unaeducacionconsciente.org\/\"},{\"@type\":\"ListItem\",\"position\":2,\"name\":\"Curso Introductorio\"}]},{\"@type\":\"WebSite\",\"@id\":\"https:\/\/unaeducacionconsciente.org\/#website\",\"url\":\"https:\/\/unaeducacionconsciente.org\/\",\"name\":\"Una Educaci\u00f3n Consciente\",\"description\":\"Una Educaci\u00f3n Consciente\",\"potentialAction\":[{\"@type\":\"SearchAction\",\"target\":{\"@type\":\"EntryPoint\",\"urlTemplate\":\"https:\/\/unaeducacionconsciente.org\/?s={search_term_string}\"},\"query-input\":{\"@type\":\"PropertyValueSpecification\",\"valueRequired\":true,\"valueName\":\"search_term_string\"}}],\"inLanguage\":\"en-GB\"}]}<\/script>\n<!-- \/ Yoast SEO plugin. -->","yoast_head_json":{"title":"Curso Introductorio - Una Educaci\u00f3n Consciente","robots":{"index":"index","follow":"follow","max-snippet":"max-snippet:-1","max-image-preview":"max-image-preview:large","max-video-preview":"max-video-preview:-1"},"canonical":"https:\/\/unaeducacionconsciente.org\/en\/curso-introductorio\/","og_locale":"en_GB","og_type":"article","og_title":"Curso Introductorio - Una Educaci\u00f3n Consciente","og_description":"Presentaci\u00f3n del Curso Introductorio online Bienvenidos https:\/\/youtu.be\/_VVJnHdQnGA Hola, somos Luciana y Neda. Es un gusto compartir con vos lo que [&hellip;]","og_url":"https:\/\/unaeducacionconsciente.org\/en\/curso-introductorio\/","og_site_name":"Una Educaci\u00f3n Consciente","article_modified_time":"2025-07-08T21:40:18+00:00","twitter_card":"summary_large_image","twitter_misc":{"Estimated reading time":"2 minutes"},"schema":{"@context":"https:\/\/schema.org","@graph":[{"@type":"WebPage","@id":"https:\/\/unaeducacionconsciente.org\/curso-introductorio\/","url":"https:\/\/unaeducacionconsciente.org\/curso-introductorio\/","name":"Curso Introductorio - Una Educaci\u00f3n Consciente","isPartOf":{"@id":"https:\/\/unaeducacionconsciente.org\/#website"},"datePublished":"2025-07-08T21:20:28+00:00","dateModified":"2025-07-08T21:40:18+00:00","breadcrumb":{"@id":"https:\/\/unaeducacionconsciente.org\/curso-introductorio\/#breadcrumb"},"inLanguage":"en-GB","potentialAction":[{"@type":"ReadAction","target":["https:\/\/unaeducacionconsciente.org\/curso-introductorio\/"]}]},{"@type":"BreadcrumbList","@id":"https:\/\/unaeducacionconsciente.org\/curso-introductorio\/#breadcrumb","itemListElement":[{"@type":"ListItem","position":1,"name":"Home","item":"https:\/\/unaeducacionconsciente.org\/"},{"@type":"ListItem","position":2,"name":"Curso Introductorio"}]},{"@type":"WebSite","@id":"https:\/\/unaeducacionconsciente.org\/#website","url":"https:\/\/unaeducacionconsciente.org\/","name":"Una Educaci\u00f3n Consciente","description":"Una Educaci\u00f3n Consciente","potentialAction":[{"@type":"SearchAction","target":{"@type":"EntryPoint","urlTemplate":"https:\/\/unaeducacionconsciente.org\/?s={search_term_string}"},"query-input":{"@type":"PropertyValueSpecification","valueRequired":true,"valueName":"search_term_string"}}],"inLanguage":"en-GB"}]}},"rttpg_featured_image_url":null,"rttpg_author":{"display_name":"gberardone","author_link":"https:\/\/unaeducacionconsciente.org\/en\/author\/gberardone\/"},"rttpg_comment":0,"rttpg_category":null,"rttpg_excerpt":"Presentaci\u00f3n del Curso Introductorio online Bienvenidos https:\/\/youtu.be\/_VVJnHdQnGA Hola, somos Luciana y Neda. Es un gusto compartir con vos lo que [&hellip;]","_links":{"self":[{"href":"https:\/\/unaeducacionconsciente.org\/en\/wp-json\/wp\/v2\/pages\/299","targetHints":{"allow":["GET"]}}],"collection":[{"href":"https:\/\/unaeducacionconsciente.org\/en\/wp-json\/wp\/v2\/pages"}],"about":[{"href":"https:\/\/unaeducacionconsciente.org\/en\/wp-json\/wp\/v2\/types\/page"}],"author":[{"embeddable":true,"href":"https:\/\/unaeducacionconsciente.org\/en\/wp-json\/wp\/v2\/users\/1"}],"replies":[{"embeddable":true,"href":"https:\/\/unaeducacionconsciente.org\/en\/wp-json\/wp\/v2\/comments?post=299"}],"version-history":[{"count":6,"href":"https:\/\/unaeducacionconsciente.org\/en\/wp-json\/wp\/v2\/pages\/299\/revisions"}],"predecessor-version":[{"id":312,"href":"https:\/\/unaeducacionconsciente.org\/en\/wp-json\/wp\/v2\/pages\/299\/revisions\/312"}],"wp:attachment":[{"href":"https:\/\/unaeducacionconsciente.org\/en\/wp-json\/wp\/v2\/media?parent=299"}],"curies":[{"name":"wp","href":"https:\/\/api.w.org\/{rel}","templated":true}]}}